{"id":321,"date":"2026-04-02T08:49:12","date_gmt":"2026-04-02T06:49:12","guid":{"rendered":"https:\/\/wp.swiss4net.ch\/ascona4net\/impressum\/"},"modified":"2026-04-03T19:50:17","modified_gmt":"2026-04-03T17:50:17","slug":"impressum","status":"publish","type":"page","link":"https:\/\/ascona4net.ch\/de\/impressum\/","title":{"rendered":"Impressum"},"content":{"rendered":"<style>.kb-row-layout-id83_c919eb-f0 > .kt-row-column-wrap{align-content:start;}:where(.kb-row-layout-id83_c919eb-f0 > .kt-row-column-wrap) > .wp-block-kadence-column{justify-content:start;}.kb-row-layout-id83_c919eb-f0 > .kt-row-column-wrap{column-gap:var(--global-kb-gap-md, 2rem);row-gap:var(--global-kb-gap-md, 2rem);max-width:var( --global-content-width, 1360px );padding-left:var(--global-content-edge-padding);padding-right:var(--global-content-edge-padding);padding-top:var(--global-kb-spacing-sm, 1.5rem);padding-bottom:var(--global-kb-spacing-sm, 1.5rem);grid-template-columns:minmax(0, 1fr);}.kb-row-layout-id83_c919eb-f0 > .kt-row-layout-overlay{opacity:0.30;}@media all and (max-width: 1024px){.kb-row-layout-id83_c919eb-f0 > .kt-row-column-wrap{grid-template-columns:minmax(0, 1fr);}}@media all and (max-width: 767px){.kb-row-layout-id83_c919eb-f0 > .kt-row-column-wrap{grid-template-columns:minmax(0, 1fr);}}<\/style><div class=\"kb-row-layout-wrap kb-row-layout-id83_c919eb-f0 alignnone wp-block-kadence-rowlayout\"><div class=\"kt-row-column-wrap kt-has-1-columns kt-row-layout-equal kt-tab-layout-inherit kt-mobile-layout-row kt-row-valign-top kb-theme-content-width\">\n<style>.kadence-column83_c22302-8e > .kt-inside-inner-col,.kadence-column83_c22302-8e > .kt-inside-inner-col:before{border-top-left-radius:0px;border-top-right-radius:0px;border-bottom-right-radius:0px;border-bottom-left-radius:0px;}.kadence-column83_c22302-8e > .kt-inside-inner-col{column-gap:var(--global-kb-gap-sm, 1rem);}.kadence-column83_c22302-8e > .kt-inside-inner-col{flex-direction:column;}.kadence-column83_c22302-8e > .kt-inside-inner-col > .aligncenter{width:100%;}.kadence-column83_c22302-8e > .kt-inside-inner-col:before{opacity:0.3;}.kadence-column83_c22302-8e{position:relative;}@media all and (max-width: 1024px){.kadence-column83_c22302-8e > .kt-inside-inner-col{flex-direction:column;justify-content:center;}}@media all and (max-width: 767px){.kadence-column83_c22302-8e > .kt-inside-inner-col{flex-direction:column;justify-content:center;}}<\/style>\n<div class=\"wp-block-kadence-column kadence-column83_c22302-8e\"><div class=\"kt-inside-inner-col\">\n<h1 class=\"wp-block-heading has-text-align-center has-theme-palette-3-color has-text-color has-link-color wp-elements-53c71d544f5938e18c0083d6473c9aad\">Impressum<\/h1>\n\n\n\n<h2 class=\"wp-block-heading\">Verantwortliche Stelle<\/h2>\n<\/div><\/div>\n\n<\/div><\/div><style>.kb-row-layout-id83_1bbeeb-46 > .kt-row-column-wrap{align-content:start;}:where(.kb-row-layout-id83_1bbeeb-46 > .kt-row-column-wrap) > .wp-block-kadence-column{justify-content:start;}.kb-row-layout-id83_1bbeeb-46 > .kt-row-column-wrap{column-gap:var(--global-kb-gap-md, 2rem);row-gap:var(--global-kb-gap-md, 2rem);max-width:var( --global-content-width, 1360px );padding-left:var(--global-content-edge-padding);padding-right:var(--global-content-edge-padding);padding-top:var(--global-kb-spacing-sm, 1.5rem);padding-bottom:var(--global-kb-spacing-sm, 1.5rem);grid-template-columns:repeat(2, minmax(0, 1fr));}.kb-row-layout-id83_1bbeeb-46 > .kt-row-layout-overlay{opacity:0.30;}@media all and (max-width: 1024px){.kb-row-layout-id83_1bbeeb-46 > .kt-row-column-wrap{grid-template-columns:repeat(2, minmax(0, 1fr));}}@media all and (max-width: 767px){.kb-row-layout-id83_1bbeeb-46 > .kt-row-column-wrap{grid-template-columns:minmax(0, 1fr);}}<\/style><div class=\"kb-row-layout-wrap kb-row-layout-id83_1bbeeb-46 alignnone wp-block-kadence-rowlayout\"><div class=\"kt-row-column-wrap kt-has-2-columns kt-row-layout-equal kt-tab-layout-inherit kt-mobile-layout-row kt-row-valign-top kb-theme-content-width\">\n<style>.kadence-column83_5bc18d-23 > .kt-inside-inner-col,.kadence-column83_5bc18d-23 > .kt-inside-inner-col:before{border-top-left-radius:0px;border-top-right-radius:0px;border-bottom-right-radius:0px;border-bottom-left-radius:0px;}.kadence-column83_5bc18d-23 > .kt-inside-inner-col{column-gap:var(--global-kb-gap-sm, 1rem);}.kadence-column83_5bc18d-23 > .kt-inside-inner-col{flex-direction:column;}.kadence-column83_5bc18d-23 > .kt-inside-inner-col > .aligncenter{width:100%;}.kadence-column83_5bc18d-23 > .kt-inside-inner-col:before{opacity:0.3;}.kadence-column83_5bc18d-23{position:relative;}@media all and (max-width: 1024px){.kadence-column83_5bc18d-23 > .kt-inside-inner-col{flex-direction:column;justify-content:center;}}@media all and (max-width: 767px){.kadence-column83_5bc18d-23 > .kt-inside-inner-col{flex-direction:column;justify-content:center;}}<\/style>\n<div class=\"wp-block-kadence-column kadence-column83_5bc18d-23\"><div class=\"kt-inside-inner-col\">\n<h3 class=\"wp-block-heading has--font-size\">Sitz<\/h3>\n\n\n<style>.wp-block-kadence-advancedheading.kt-adv-heading762_2dc9cf-44_0, .wp-block-kadence-advancedheading.kt-adv-heading762_2dc9cf-44_0[data-kb-block=\"kb-adv-heading762_2dc9cf-44_0\"]{font-style:normal;}.wp-block-kadence-advancedheading.kt-adv-heading762_2dc9cf-44_0 mark.kt-highlight, .wp-block-kadence-advancedheading.kt-adv-heading762_2dc9cf-44_0[data-kb-block=\"kb-adv-heading762_2dc9cf-44_0\"] mark.kt-highlight{font-style:normal;color:#f76a0c;-webkit-box-decoration-break:clone;box-decoration-break:clone;padding-top:0px;padding-right:0px;padding-bottom:0px;padding-left:0px;}.wp-block-kadence-advancedheading.kt-adv-heading762_2dc9cf-44_0 img.kb-inline-image, .wp-block-kadence-advancedheading.kt-adv-heading762_2dc9cf-44_0[data-kb-block=\"kb-adv-heading762_2dc9cf-44_0\"] img.kb-inline-image{width:150px;vertical-align:baseline;}<\/style>\n<p class=\"kt-adv-heading762_2dc9cf-44_0 wp-block-kadence-advancedheading\" data-kb-block=\"kb-adv-heading762_2dc9cf-44_0\">Ascona4net SA<br\/>Strada della Brima 6<br\/>6612 Ascona<\/p>\n<\/div><\/div>\n\n\n<style>.kadence-column83_6cbb31-33 > .kt-inside-inner-col,.kadence-column83_6cbb31-33 > .kt-inside-inner-col:before{border-top-left-radius:0px;border-top-right-radius:0px;border-bottom-right-radius:0px;border-bottom-left-radius:0px;}.kadence-column83_6cbb31-33 > .kt-inside-inner-col{column-gap:var(--global-kb-gap-sm, 1rem);}.kadence-column83_6cbb31-33 > .kt-inside-inner-col{flex-direction:column;}.kadence-column83_6cbb31-33 > .kt-inside-inner-col > .aligncenter{width:100%;}.kadence-column83_6cbb31-33 > .kt-inside-inner-col:before{opacity:0.3;}.kadence-column83_6cbb31-33{position:relative;}@media all and (max-width: 1024px){.kadence-column83_6cbb31-33 > .kt-inside-inner-col{flex-direction:column;justify-content:center;}}@media all and (max-width: 767px){.kadence-column83_6cbb31-33 > .kt-inside-inner-col{flex-direction:column;justify-content:center;}}<\/style>\n<div class=\"wp-block-kadence-column kadence-column83_6cbb31-33\"><div class=\"kt-inside-inner-col\">\n<h3 class=\"wp-block-heading has--font-size\">vertreten durch<\/h3>\n\n\n<style>.wp-block-kadence-advancedheading.kt-adv-heading83_44d5d0-d6, .wp-block-kadence-advancedheading.kt-adv-heading83_44d5d0-d6[data-kb-block=\"kb-adv-heading83_44d5d0-d6\"]{font-style:normal;}.wp-block-kadence-advancedheading.kt-adv-heading83_44d5d0-d6 mark.kt-highlight, .wp-block-kadence-advancedheading.kt-adv-heading83_44d5d0-d6[data-kb-block=\"kb-adv-heading83_44d5d0-d6\"] mark.kt-highlight{font-style:normal;color:#f76a0c;-webkit-box-decoration-break:clone;box-decoration-break:clone;padding-top:0px;padding-right:0px;padding-bottom:0px;padding-left:0px;}.wp-block-kadence-advancedheading.kt-adv-heading83_44d5d0-d6 img.kb-inline-image, .wp-block-kadence-advancedheading.kt-adv-heading83_44d5d0-d6[data-kb-block=\"kb-adv-heading83_44d5d0-d6\"] img.kb-inline-image{width:150px;vertical-align:baseline;}<\/style>\n<p class=\"kt-adv-heading83_44d5d0-d6 wp-block-kadence-advancedheading\" data-kb-block=\"kb-adv-heading83_44d5d0-d6\"><strong>CEO \/ Verwaltungsrat<\/strong><br\/>Roger Heggli (Datenschutzbeauftragter)<\/p>\n\n\n<style>.wp-block-kadence-advancedheading.kt-adv-heading762_4f5efe-bf_0, .wp-block-kadence-advancedheading.kt-adv-heading762_4f5efe-bf_0[data-kb-block=\"kb-adv-heading762_4f5efe-bf_0\"]{font-style:normal;}.wp-block-kadence-advancedheading.kt-adv-heading762_4f5efe-bf_0 mark.kt-highlight, .wp-block-kadence-advancedheading.kt-adv-heading762_4f5efe-bf_0[data-kb-block=\"kb-adv-heading762_4f5efe-bf_0\"] mark.kt-highlight{font-style:normal;color:#f76a0c;-webkit-box-decoration-break:clone;box-decoration-break:clone;padding-top:0px;padding-right:0px;padding-bottom:0px;padding-left:0px;}.wp-block-kadence-advancedheading.kt-adv-heading762_4f5efe-bf_0 img.kb-inline-image, .wp-block-kadence-advancedheading.kt-adv-heading762_4f5efe-bf_0[data-kb-block=\"kb-adv-heading762_4f5efe-bf_0\"] img.kb-inline-image{width:150px;vertical-align:baseline;}<\/style>\n<p class=\"kt-adv-heading762_4f5efe-bf_0 wp-block-kadence-advancedheading\" data-kb-block=\"kb-adv-heading762_4f5efe-bf_0\"><strong>UID \/ MWST<\/strong><br\/>Ascona4net SA: CHE-455.902.664<\/p>\n<\/div><\/div>\n\n<\/div><\/div><style>.wp-block-kadence-spacer.kt-block-spacer-83_69fe42-e0 .kt-block-spacer{height:60px;}.wp-block-kadence-spacer.kt-block-spacer-83_69fe42-e0 .kt-divider{border-top-width:1px;height:1px;border-top-color:#eee;width:80%;border-top-style:solid;}<\/style>\n<div class=\"wp-block-kadence-spacer aligncenter kt-block-spacer-83_69fe42-e0\"><div class=\"kt-block-spacer kt-block-spacer-halign-center\"><hr class=\"kt-divider\"\/><\/div><\/div>\n<style>.kb-row-layout-id83_8eab48-72 > .kt-row-column-wrap{align-content:start;}:where(.kb-row-layout-id83_8eab48-72 > .kt-row-column-wrap) > .wp-block-kadence-column{justify-content:start;}.kb-row-layout-id83_8eab48-72 > .kt-row-column-wrap{column-gap:var(--global-kb-gap-md, 2rem);row-gap:var(--global-kb-gap-md, 2rem);max-width:var( --global-content-width, 1360px );padding-left:var(--global-content-edge-padding);padding-right:var(--global-content-edge-padding);padding-top:var(--global-kb-spacing-sm, 1.5rem);padding-bottom:var(--global-kb-spacing-sm, 1.5rem);grid-template-columns:minmax(0, 1fr);}.kb-row-layout-id83_8eab48-72 > .kt-row-layout-overlay{opacity:0.30;}@media all and (max-width: 1024px){.kb-row-layout-id83_8eab48-72 > .kt-row-column-wrap{grid-template-columns:minmax(0, 1fr);}}@media all and (max-width: 767px){.kb-row-layout-id83_8eab48-72 > .kt-row-column-wrap{grid-template-columns:minmax(0, 1fr);}}<\/style><div class=\"kb-row-layout-wrap kb-row-layout-id83_8eab48-72 alignnone wp-block-kadence-rowlayout\"><div class=\"kt-row-column-wrap kt-has-1-columns kt-row-layout-equal kt-tab-layout-inherit kt-mobile-layout-row kt-row-valign-top kb-theme-content-width\">\n<style>.kadence-column83_87a77f-10 > .kt-inside-inner-col,.kadence-column83_87a77f-10 > .kt-inside-inner-col:before{border-top-left-radius:0px;border-top-right-radius:0px;border-bottom-right-radius:0px;border-bottom-left-radius:0px;}.kadence-column83_87a77f-10 > .kt-inside-inner-col{column-gap:var(--global-kb-gap-sm, 1rem);}.kadence-column83_87a77f-10 > .kt-inside-inner-col{flex-direction:column;}.kadence-column83_87a77f-10 > .kt-inside-inner-col > .aligncenter{width:100%;}.kadence-column83_87a77f-10 > .kt-inside-inner-col:before{opacity:0.3;}.kadence-column83_87a77f-10{position:relative;}@media all and (max-width: 1024px){.kadence-column83_87a77f-10 > .kt-inside-inner-col{flex-direction:column;justify-content:center;}}@media all and (max-width: 767px){.kadence-column83_87a77f-10 > .kt-inside-inner-col{flex-direction:column;justify-content:center;}}<\/style>\n<div class=\"wp-block-kadence-column kadence-column83_87a77f-10\"><div class=\"kt-inside-inner-col\">\n<h2 class=\"wp-block-heading has--font-size\">Haftungsausschuss<\/h2>\n\n\n<style>.wp-block-kadence-advancedheading.kt-adv-heading762_5ee441-4e_1, .wp-block-kadence-advancedheading.kt-adv-heading762_5ee441-4e_1[data-kb-block=\"kb-adv-heading762_5ee441-4e_1\"]{font-style:normal;}.wp-block-kadence-advancedheading.kt-adv-heading762_5ee441-4e_1 mark.kt-highlight, .wp-block-kadence-advancedheading.kt-adv-heading762_5ee441-4e_1[data-kb-block=\"kb-adv-heading762_5ee441-4e_1\"] mark.kt-highlight{font-style:normal;color:#f76a0c;-webkit-box-decoration-break:clone;box-decoration-break:clone;padding-top:0px;padding-right:0px;padding-bottom:0px;padding-left:0px;}.wp-block-kadence-advancedheading.kt-adv-heading762_5ee441-4e_1 img.kb-inline-image, .wp-block-kadence-advancedheading.kt-adv-heading762_5ee441-4e_1[data-kb-block=\"kb-adv-heading762_5ee441-4e_1\"] img.kb-inline-image{width:150px;vertical-align:baseline;}<\/style>\n<p class=\"kt-adv-heading762_5ee441-4e_1 wp-block-kadence-advancedheading\" data-kb-block=\"kb-adv-heading762_5ee441-4e_1\">Der Webseitenbetreiber \u00fcbernimmt keine Gew\u00e4hr bez\u00fcglich der inhaltlichen Korrektheit, Exaktheit, Aktualit\u00e4t, Vollst\u00e4ndigkeit oder Zuverl\u00e4ssigkeit der ver\u00f6ffentlichten Informationen.<\/p>\n\n\n<style>.wp-block-kadence-advancedheading.kt-adv-heading762_5ee441-4e_3, .wp-block-kadence-advancedheading.kt-adv-heading762_5ee441-4e_3[data-kb-block=\"kb-adv-heading762_5ee441-4e_3\"]{font-style:normal;}.wp-block-kadence-advancedheading.kt-adv-heading762_5ee441-4e_3 mark.kt-highlight, .wp-block-kadence-advancedheading.kt-adv-heading762_5ee441-4e_3[data-kb-block=\"kb-adv-heading762_5ee441-4e_3\"] mark.kt-highlight{font-style:normal;color:#f76a0c;-webkit-box-decoration-break:clone;box-decoration-break:clone;padding-top:0px;padding-right:0px;padding-bottom:0px;padding-left:0px;}.wp-block-kadence-advancedheading.kt-adv-heading762_5ee441-4e_3 img.kb-inline-image, .wp-block-kadence-advancedheading.kt-adv-heading762_5ee441-4e_3[data-kb-block=\"kb-adv-heading762_5ee441-4e_3\"] img.kb-inline-image{width:150px;vertical-align:baseline;}<\/style>\n<p class=\"kt-adv-heading762_5ee441-4e_3 wp-block-kadence-advancedheading\" data-kb-block=\"kb-adv-heading762_5ee441-4e_3\">Haftungsanspr\u00fcche gegen den Webseitenbetreiber wegen materieller oder immaterieller Sch\u00e4den jeglicher Art, welche aus dem Besuch, der Nutzung oder auch Nichtnutzung der zur Verf\u00fcgung gestellten Daten, durch einen falschen Gebrauch der Internetverbindung oder durch eventuelle technische Fehler entstanden sind, werden ausgeschlossen.<\/p>\n\n\n<style>.wp-block-kadence-advancedheading.kt-adv-heading762_5ee441-4e_5, .wp-block-kadence-advancedheading.kt-adv-heading762_5ee441-4e_5[data-kb-block=\"kb-adv-heading762_5ee441-4e_5\"]{font-style:normal;}.wp-block-kadence-advancedheading.kt-adv-heading762_5ee441-4e_5 mark.kt-highlight, .wp-block-kadence-advancedheading.kt-adv-heading762_5ee441-4e_5[data-kb-block=\"kb-adv-heading762_5ee441-4e_5\"] mark.kt-highlight{font-style:normal;color:#f76a0c;-webkit-box-decoration-break:clone;box-decoration-break:clone;padding-top:0px;padding-right:0px;padding-bottom:0px;padding-left:0px;}.wp-block-kadence-advancedheading.kt-adv-heading762_5ee441-4e_5 img.kb-inline-image, .wp-block-kadence-advancedheading.kt-adv-heading762_5ee441-4e_5[data-kb-block=\"kb-adv-heading762_5ee441-4e_5\"] img.kb-inline-image{width:150px;vertical-align:baseline;}<\/style>\n<p class=\"kt-adv-heading762_5ee441-4e_5 wp-block-kadence-advancedheading\" data-kb-block=\"kb-adv-heading762_5ee441-4e_5\">Alle ver\u00f6ffentlichten Angebote haben einen unverbindlichen Charakter. Der Webseitenbetreiber hat das Recht, Teile von Webseiten oder auch den gesamten Inhalt ohne vorherige Ank\u00fcndigung zu \u00e4ndern, zu erg\u00e4nzen, zu l\u00f6schen oder die Publikation teilweise oder komplett einzustellen. <\/p>\n\n\n\n<h2 class=\"wp-block-heading has--font-size\">Haftung f\u00fcr Links<\/h2>\n\n\n<style>.wp-block-kadence-advancedheading.kt-adv-heading762_5ee441-4e_8, .wp-block-kadence-advancedheading.kt-adv-heading762_5ee441-4e_8[data-kb-block=\"kb-adv-heading762_5ee441-4e_8\"]{font-style:normal;}.wp-block-kadence-advancedheading.kt-adv-heading762_5ee441-4e_8 mark.kt-highlight, .wp-block-kadence-advancedheading.kt-adv-heading762_5ee441-4e_8[data-kb-block=\"kb-adv-heading762_5ee441-4e_8\"] mark.kt-highlight{font-style:normal;color:#f76a0c;-webkit-box-decoration-break:clone;box-decoration-break:clone;padding-top:0px;padding-right:0px;padding-bottom:0px;padding-left:0px;}.wp-block-kadence-advancedheading.kt-adv-heading762_5ee441-4e_8 img.kb-inline-image, .wp-block-kadence-advancedheading.kt-adv-heading762_5ee441-4e_8[data-kb-block=\"kb-adv-heading762_5ee441-4e_8\"] img.kb-inline-image{width:150px;vertical-align:baseline;}<\/style>\n<p class=\"kt-adv-heading762_5ee441-4e_8 wp-block-kadence-advancedheading\" data-kb-block=\"kb-adv-heading762_5ee441-4e_8\">Links auf Webseiten von Drittanbietern sowie Verweise darauf liegen au\u00dferhalb des Verantwortungsbereichs des Webseitenbetreibers. Jegliche Verantwortung f\u00fcr die Inhalte dieser Webseiten wird abgelehnt. Wer auf Webseiten von Drittanbietern zugreift, diese besucht oder nutzt, tut dies auf eigene Gefahr.  <\/p>\n\n\n\n<h2 class=\"wp-block-heading has--font-size\">Urheberrechte<\/h2>\n\n\n<style>.wp-block-kadence-advancedheading.kt-adv-heading762_5ee441-4e_11, .wp-block-kadence-advancedheading.kt-adv-heading762_5ee441-4e_11[data-kb-block=\"kb-adv-heading762_5ee441-4e_11\"]{font-style:normal;}.wp-block-kadence-advancedheading.kt-adv-heading762_5ee441-4e_11 mark.kt-highlight, .wp-block-kadence-advancedheading.kt-adv-heading762_5ee441-4e_11[data-kb-block=\"kb-adv-heading762_5ee441-4e_11\"] mark.kt-highlight{font-style:normal;color:#f76a0c;-webkit-box-decoration-break:clone;box-decoration-break:clone;padding-top:0px;padding-right:0px;padding-bottom:0px;padding-left:0px;}.wp-block-kadence-advancedheading.kt-adv-heading762_5ee441-4e_11 img.kb-inline-image, .wp-block-kadence-advancedheading.kt-adv-heading762_5ee441-4e_11[data-kb-block=\"kb-adv-heading762_5ee441-4e_11\"] img.kb-inline-image{width:150px;vertical-align:baseline;}<\/style>\n<p class=\"kt-adv-heading762_5ee441-4e_11 wp-block-kadence-advancedheading\" data-kb-block=\"kb-adv-heading762_5ee441-4e_11\">Das Urheberrecht sowie alle anderen Rechte an Texten, Bildern, Fotos oder Dateien auf der Webseite geh\u00f6ren ausschliesslich dem Webseitenbetreiber oder den angef\u00fchrten Rechteinhabern. Die Reproduktion von Elementen bedarf der schriftlichen Zustimmung der Urheberrechtstr\u00e4ger. <\/p>\n<\/div><\/div>\n\n<\/div><\/div>","protected":false},"excerpt":{"rendered":"<p>Impressum Verantwortliche Stelle Sitz Ascona4net SAStrada della Brima 66612 Ascona vertreten durch CEO \/ VerwaltungsratRoger Heggli (Datenschutzbeauftragter) UID \/ MWSTAscona4net SA: CHE-455.902.664 Haftungsausschuss Der Webseitenbetreiber \u00fcbernimmt keine Gew\u00e4hr bez\u00fcglich der inhaltlichen Korrektheit, Exaktheit, Aktualit\u00e4t, Vollst\u00e4ndigkeit oder Zuverl\u00e4ssigkeit der ver\u00f6ffentlichten Informationen. Haftungsanspr\u00fcche gegen den Webseitenbetreiber wegen materieller oder immaterieller Sch\u00e4den jeglicher Art, welche aus dem Besuch,&#8230;<\/p>\n","protected":false},"author":1,"featured_media":0,"parent":0,"menu_order":0,"comment_status":"closed","ping_status":"closed","template":"","meta":{"_kad_blocks_custom_css":"","_kad_blocks_head_custom_js":"","_kad_blocks_body_custom_js":"","_kad_blocks_footer_custom_js":"","_kadence_starter_templates_imported_post":false,"_kad_post_transparent":"","_kad_post_title":"","_kad_post_layout":"","_kad_post_sidebar_id":"","_kad_post_content_style":"","_kad_post_vertical_padding":"","_kad_post_feature":"","_kad_post_feature_position":"","_kad_post_header":false,"_kad_post_footer":false,"_kad_post_classname":"","footnotes":""},"class_list":["post-321","page","type-page","status-publish","hentry"],"yoast_head":"<!-- This site is optimized with the Yoast SEO plugin v27.4 - https:\/\/yoast.com\/product\/yoast-seo-wordpress\/ -->\n<title>Impressum - Ascona4net SA<\/title>\n<meta name=\"robots\" content=\"noindex, follow, max-snippet:-1, max-image-preview:large, max-video-preview:-1\" \/>\n<meta property=\"og:locale\" content=\"de_DE\" \/>\n<meta property=\"og:type\" content=\"article\" \/>\n<meta property=\"og:title\" content=\"Impressum - Ascona4net SA\" \/>\n<meta property=\"og:description\" content=\"Impressum Verantwortliche Stelle Sitz Ascona4net SAStrada della Brima 66612 Ascona vertreten durch CEO \/ VerwaltungsratRoger Heggli (Datenschutzbeauftragter) UID \/ MWSTAscona4net SA: CHE-455.902.664 Haftungsausschuss Der Webseitenbetreiber \u00fcbernimmt keine Gew\u00e4hr bez\u00fcglich der inhaltlichen Korrektheit, Exaktheit, Aktualit\u00e4t, Vollst\u00e4ndigkeit oder Zuverl\u00e4ssigkeit der ver\u00f6ffentlichten Informationen. Haftungsanspr\u00fcche gegen den Webseitenbetreiber wegen materieller oder immaterieller Sch\u00e4den jeglicher Art, welche aus dem Besuch,...\" \/>\n<meta property=\"og:url\" content=\"https:\/\/ascona4net.ch\/de\/impressum\/\" \/>\n<meta property=\"og:site_name\" content=\"Ascona4net SA\" \/>\n<meta property=\"article:modified_time\" content=\"2026-04-03T17:50:17+00:00\" \/>\n<meta name=\"twitter:card\" content=\"summary_large_image\" \/>\n<meta name=\"twitter:label1\" content=\"Gesch\u00e4tzte Lesezeit\" \/>\n\t<meta name=\"twitter:data1\" content=\"1\u00a0Minute\" \/>\n<script type=\"application\/ld+json\" class=\"yoast-schema-graph\">{\"@context\":\"https:\\\/\\\/schema.org\",\"@graph\":[{\"@type\":\"WebPage\",\"@id\":\"https:\\\/\\\/ascona4net.ch\\\/de\\\/impressum\\\/\",\"url\":\"https:\\\/\\\/ascona4net.ch\\\/de\\\/impressum\\\/\",\"name\":\"Impressum - Ascona4net SA\",\"isPartOf\":{\"@id\":\"https:\\\/\\\/wp.swiss4net.ch\\\/ascona4net\\\/#website\"},\"datePublished\":\"2026-04-02T06:49:12+00:00\",\"dateModified\":\"2026-04-03T17:50:17+00:00\",\"breadcrumb\":{\"@id\":\"https:\\\/\\\/ascona4net.ch\\\/de\\\/impressum\\\/#breadcrumb\"},\"inLanguage\":\"de\",\"potentialAction\":[{\"@type\":\"ReadAction\",\"target\":[\"https:\\\/\\\/ascona4net.ch\\\/de\\\/impressum\\\/\"]}]},{\"@type\":\"BreadcrumbList\",\"@id\":\"https:\\\/\\\/ascona4net.ch\\\/de\\\/impressum\\\/#breadcrumb\",\"itemListElement\":[{\"@type\":\"ListItem\",\"position\":1,\"name\":\"Startseite\",\"item\":\"https:\\\/\\\/wp.swiss4net.ch\\\/ascona4net\\\/de\\\/\"},{\"@type\":\"ListItem\",\"position\":2,\"name\":\"Impressum\"}]},{\"@type\":\"WebSite\",\"@id\":\"https:\\\/\\\/wp.swiss4net.ch\\\/ascona4net\\\/#website\",\"url\":\"https:\\\/\\\/wp.swiss4net.ch\\\/ascona4net\\\/\",\"name\":\"Ascona4net SA\",\"description\":\"Infrastruttura in fibra ottica a Ascona\",\"publisher\":{\"@id\":\"https:\\\/\\\/wp.swiss4net.ch\\\/ascona4net\\\/#organization\"},\"potentialAction\":[{\"@type\":\"SearchAction\",\"target\":{\"@type\":\"EntryPoint\",\"urlTemplate\":\"https:\\\/\\\/wp.swiss4net.ch\\\/ascona4net\\\/?s={search_term_string}\"},\"query-input\":{\"@type\":\"PropertyValueSpecification\",\"valueRequired\":true,\"valueName\":\"search_term_string\"}}],\"inLanguage\":\"de\"},{\"@type\":\"Organization\",\"@id\":\"https:\\\/\\\/wp.swiss4net.ch\\\/ascona4net\\\/#organization\",\"name\":\"Ascona4net SA\",\"url\":\"https:\\\/\\\/wp.swiss4net.ch\\\/ascona4net\\\/\",\"logo\":{\"@type\":\"ImageObject\",\"inLanguage\":\"de\",\"@id\":\"https:\\\/\\\/wp.swiss4net.ch\\\/ascona4net\\\/#\\\/schema\\\/logo\\\/image\\\/\",\"url\":\"https:\\\/\\\/ascona4net.ch\\\/wp-content\\\/uploads\\\/sites\\\/4\\\/2025\\\/09\\\/ascona4net-logo.svg\",\"contentUrl\":\"https:\\\/\\\/ascona4net.ch\\\/wp-content\\\/uploads\\\/sites\\\/4\\\/2025\\\/09\\\/ascona4net-logo.svg\",\"caption\":\"Ascona4net SA\"},\"image\":{\"@id\":\"https:\\\/\\\/wp.swiss4net.ch\\\/ascona4net\\\/#\\\/schema\\\/logo\\\/image\\\/\"}}]}<\/script>\n<!-- \/ Yoast SEO plugin. -->","yoast_head_json":{"title":"Impressum - Ascona4net SA","robots":{"index":"noindex","follow":"follow","max-snippet":"max-snippet:-1","max-image-preview":"max-image-preview:large","max-video-preview":"max-video-preview:-1"},"og_locale":"de_DE","og_type":"article","og_title":"Impressum - Ascona4net SA","og_description":"Impressum Verantwortliche Stelle Sitz Ascona4net SAStrada della Brima 66612 Ascona vertreten durch CEO \/ VerwaltungsratRoger Heggli (Datenschutzbeauftragter) UID \/ MWSTAscona4net SA: CHE-455.902.664 Haftungsausschuss Der Webseitenbetreiber \u00fcbernimmt keine Gew\u00e4hr bez\u00fcglich der inhaltlichen Korrektheit, Exaktheit, Aktualit\u00e4t, Vollst\u00e4ndigkeit oder Zuverl\u00e4ssigkeit der ver\u00f6ffentlichten Informationen. Haftungsanspr\u00fcche gegen den Webseitenbetreiber wegen materieller oder immaterieller Sch\u00e4den jeglicher Art, welche aus dem Besuch,...","og_url":"https:\/\/ascona4net.ch\/de\/impressum\/","og_site_name":"Ascona4net SA","article_modified_time":"2026-04-03T17:50:17+00:00","twitter_card":"summary_large_image","twitter_misc":{"Gesch\u00e4tzte Lesezeit":"1\u00a0Minute"},"schema":{"@context":"https:\/\/schema.org","@graph":[{"@type":"WebPage","@id":"https:\/\/ascona4net.ch\/de\/impressum\/","url":"https:\/\/ascona4net.ch\/de\/impressum\/","name":"Impressum - Ascona4net SA","isPartOf":{"@id":"https:\/\/wp.swiss4net.ch\/ascona4net\/#website"},"datePublished":"2026-04-02T06:49:12+00:00","dateModified":"2026-04-03T17:50:17+00:00","breadcrumb":{"@id":"https:\/\/ascona4net.ch\/de\/impressum\/#breadcrumb"},"inLanguage":"de","potentialAction":[{"@type":"ReadAction","target":["https:\/\/ascona4net.ch\/de\/impressum\/"]}]},{"@type":"BreadcrumbList","@id":"https:\/\/ascona4net.ch\/de\/impressum\/#breadcrumb","itemListElement":[{"@type":"ListItem","position":1,"name":"Startseite","item":"https:\/\/wp.swiss4net.ch\/ascona4net\/de\/"},{"@type":"ListItem","position":2,"name":"Impressum"}]},{"@type":"WebSite","@id":"https:\/\/wp.swiss4net.ch\/ascona4net\/#website","url":"https:\/\/wp.swiss4net.ch\/ascona4net\/","name":"Ascona4net SA","description":"Infrastruttura in fibra ottica a Ascona","publisher":{"@id":"https:\/\/wp.swiss4net.ch\/ascona4net\/#organization"},"potentialAction":[{"@type":"SearchAction","target":{"@type":"EntryPoint","urlTemplate":"https:\/\/wp.swiss4net.ch\/ascona4net\/?s={search_term_string}"},"query-input":{"@type":"PropertyValueSpecification","valueRequired":true,"valueName":"search_term_string"}}],"inLanguage":"de"},{"@type":"Organization","@id":"https:\/\/wp.swiss4net.ch\/ascona4net\/#organization","name":"Ascona4net SA","url":"https:\/\/wp.swiss4net.ch\/ascona4net\/","logo":{"@type":"ImageObject","inLanguage":"de","@id":"https:\/\/wp.swiss4net.ch\/ascona4net\/#\/schema\/logo\/image\/","url":"https:\/\/ascona4net.ch\/wp-content\/uploads\/sites\/4\/2025\/09\/ascona4net-logo.svg","contentUrl":"https:\/\/ascona4net.ch\/wp-content\/uploads\/sites\/4\/2025\/09\/ascona4net-logo.svg","caption":"Ascona4net SA"},"image":{"@id":"https:\/\/wp.swiss4net.ch\/ascona4net\/#\/schema\/logo\/image\/"}}]}},"taxonomy_info":[],"featured_image_src_large":false,"author_info":{"display_name":"Laetitia.Mury","author_link":"https:\/\/ascona4net.ch\/de\/author\/laetitia-mury\/"},"comment_info":"","_links":{"self":[{"href":"https:\/\/ascona4net.ch\/de\/wp-json\/wp\/v2\/pages\/321","targetHints":{"allow":["GET"]}}],"collection":[{"href":"https:\/\/ascona4net.ch\/de\/wp-json\/wp\/v2\/pages"}],"about":[{"href":"https:\/\/ascona4net.ch\/de\/wp-json\/wp\/v2\/types\/page"}],"author":[{"embeddable":true,"href":"https:\/\/ascona4net.ch\/de\/wp-json\/wp\/v2\/users\/1"}],"replies":[{"embeddable":true,"href":"https:\/\/ascona4net.ch\/de\/wp-json\/wp\/v2\/comments?post=321"}],"version-history":[{"count":1,"href":"https:\/\/ascona4net.ch\/de\/wp-json\/wp\/v2\/pages\/321\/revisions"}],"predecessor-version":[{"id":322,"href":"https:\/\/ascona4net.ch\/de\/wp-json\/wp\/v2\/pages\/321\/revisions\/322"}],"wp:attachment":[{"href":"https:\/\/ascona4net.ch\/de\/wp-json\/wp\/v2\/media?parent=321"}],"curies":[{"name":"wp","href":"https:\/\/api.w.org\/{rel}","templated":true}]}}